{"id":48,"date":"2026-03-18T08:09:52","date_gmt":"2026-03-18T08:09:52","guid":{"rendered":"https:\/\/befkulo.site\/?page_id=48"},"modified":"2026-03-18T09:31:41","modified_gmt":"2026-03-18T09:31:41","slug":"juridische-legitimiteit-en-impressum","status":"publish","type":"page","link":"https:\/\/befkulo.site\/?page_id=48","title":{"rendered":"Rechtliche Legitimit\u00e4t und Impressum"},"content":{"rendered":"\n\n<p>Die statutarische Pr\u00e4senz von <strong>befkulo<\/strong> innerhalb der Bundesrepublik Deutschland wird durch die strikte Einhaltung des Telemediengesetzes (TMG) definiert. Canberk Hosgit f\u00fchrt die Gesch\u00e4ftsleitung dieses Unternehmens vom logistischen Zentrum in Bielefeld aus. In einem Sektor, in dem schweres Ger\u00e4t und erhebliche Investitionen im Mittelpunkt stehen, fungiert dieses Dokument als offizielle Best\u00e4tigung der gesch\u00e4ftlichen Integrit\u00e4t. Der Standort am Lahnweg 8 ist kein rein administrativer Punkt, sondern die offizielle Basis einer Organisation, die vollst\u00e4ndig mit den steuerlichen Anforderungen der deutschen Beh\u00f6rden abgestimmt ist.<\/p>\n\n\n\n\n<p>Der Handel mit Baggern und Erdbewegungsmaschinen basiert auf einem Fundament gesch\u00e4ftlichen Vertrauens. Aus diesem Grund werden die Unternehmensdaten in einer zentralisierten und eindeutig \u00fcberpr\u00fcfbaren Form dargestellt. Jede Interaktion, die befkulo erm\u00f6glicht \u2013 von der technischen Inspektion eines Hydraulikbaggers bis zur internationalen logistischen Abwicklung \u2013 ist rechtlich durch die nachstehenden Identifikationsdaten abgesichert. Dies gew\u00e4hrleistet eine geschlossene Verantwortungskette f\u00fcr s\u00e4mtliche B2B-Transaktionen innerhalb des Unternehmens.<\/p>\n\n\n\n\n<p><strong>OFFIZIELLE REGISTRIERDATEN BEFKULO<\/strong><\/p>\n\n\n\n\n<blockquote class=\"wp-block-quote is-layout-flow wp-block-quote-is-layout-flow\">\n<p><strong>Handelsname:<\/strong> befkulo <\/p>\n\n\n\n\n<p><strong>Inhaber:<\/strong> Canberk Hosgit <\/p>\n\n\n\n\n<p><strong>Standort:<\/strong> Lahnweg 8, 33689 Bielefeld, Deutschland <\/p>\n\n\n\n\n<p><strong>USt-Identifikationsnummer:<\/strong> DE594292394 <\/p>\n\n\n\n\n<p><strong>Digitale Kontaktadresse:<\/strong> mail@befkulo.site<\/p>\n<\/blockquote>\n\n\n\n\n<p>Die oben genannten Angaben sind gem\u00e4\u00df deutscher Gesetzgebung verpflichtend und stellen die einzige legitime Quelle zur \u00dcberpr\u00fcfung des gesch\u00e4ftlichen Status von befkulo dar. F\u00fcr s\u00e4mtliche offizielle Dokumentationen und rechtliche Korrespondenz ist ausschlie\u00dflich die oben angegebene physische Adresse in Nordrhein-Westfalen zu verwenden.<\/p>\n\n\n\n\n<p><\/p>\n\n","protected":false},"excerpt":{"rendered":"<p>Die statutarische Pr\u00e4senz von befkulo innerhalb der Bundesrepublik Deutschland wird durch die strikte Einhaltung des Telemediengesetzes (TMG) definiert. Canberk Hosgit f\u00fchrt die Gesch\u00e4ftsleitung dieses Unternehmens vom logistischen Zentrum in Bielefeld aus. In einem Sektor, in dem schweres Ger\u00e4t und erhebliche Investitionen im Mittelpunkt stehen, fungiert dieses Dokument als offizielle Best\u00e4tigung der gesch\u00e4ftlichen Integrit\u00e4t. Der Standort [&hellip;]<\/p>\n","protected":false},"author":1,"featured_media":0,"parent":0,"menu_order":6,"comment_status":"closed","ping_status":"closed","template":"","meta":{"footnotes":""},"class_list":["post-48","page","type-page","status-publish","hentry"],"_links":{"self":[{"href":"https:\/\/befkulo.site\/index.php?rest_route=\/wp\/v2\/pages\/48","targetHints":{"allow":["GET"]}}],"collection":[{"href":"https:\/\/befkulo.site\/index.php?rest_route=\/wp\/v2\/pages"}],"about":[{"href":"https:\/\/befkulo.site\/index.php?rest_route=\/wp\/v2\/types\/page"}],"author":[{"embeddable":true,"href":"https:\/\/befkulo.site\/index.php?rest_route=\/wp\/v2\/users\/1"}],"replies":[{"embeddable":true,"href":"https:\/\/befkulo.site\/index.php?rest_route=%2Fwp%2Fv2%2Fcomments&post=48"}],"version-history":[{"count":3,"href":"https:\/\/befkulo.site\/index.php?rest_route=\/wp\/v2\/pages\/48\/revisions"}],"predecessor-version":[{"id":79,"href":"https:\/\/befkulo.site\/index.php?rest_route=\/wp\/v2\/pages\/48\/revisions\/79"}],"wp:attachment":[{"href":"https:\/\/befkulo.site\/index.php?rest_route=%2Fwp%2Fv2%2Fmedia&parent=48"}],"curies":[{"name":"wp","href":"https:\/\/api.w.org\/{rel}","templated":true}]}}